{"id":7,"date":"2024-04-03T19:11:34","date_gmt":"2024-04-03T22:11:34","guid":{"rendered":"https:\/\/gruposdachannels.com.br\/?page_id=7"},"modified":"2024-05-08T16:59:26","modified_gmt":"2024-05-08T19:59:26","slug":"news","status":"publish","type":"page","link":"https:\/\/gruposdachannels.com.br\/","title":{"rendered":"Channels News"},"content":{"rendered":"\t\t<div data-elementor-type=\"wp-post\" data-elementor-id=\"7\" class=\"elementor elementor-7\">\n\t\t\t\t<div class=\"elementor-element elementor-element-09e9a75 elementor-hidden-mobile e-flex e-con-boxed e-con e-parent\" data-id=\"09e9a75\" data-element_type=\"container\" data-settings=\"{&quot;background_background&quot;:&quot;classic&quot;}\" data-core-v316-plus=\"true\">\n\t\t\t\t\t<div class=\"e-con-inner\">\n\t\t<div class=\"elementor-element elementor-element-bb735f8 e-con-full e-flex e-con e-child\" data-id=\"bb735f8\" data-element_type=\"container\">\n\t\t\t\t<div class=\"elementor-element elementor-element-79f3f87 elementor-widget elementor-widget-html\" data-id=\"79f3f87\" data-element_type=\"widget\" data-widget_type=\"html.default\">\n\t\t\t\t<div class=\"elementor-widget-container\">\n\t\t\t<style>\n\nverde{\n    color:#b5ed20\n}\n    \n    \n<\/style>\t\t<\/div>\n\t\t\t\t<\/div>\n\t\t\t\t<div class=\"elementor-element elementor-element-c91d3ee elementor-widget elementor-widget-html\" data-id=\"c91d3ee\" data-element_type=\"widget\" data-widget_type=\"html.default\">\n\t\t\t\t<div class=\"elementor-widget-container\">\n\t\t\t<style>\n.elementor-button {\ntext-transform: uppercase;\ntext-decoration: none;\nbox-shadow: 0px 0px 20px rgba(233, 99, 132, 0.4);\nbackground: #B2DE1B !important;\nborder-radius: 4px !important;\nbackground-size: 600%;\n--path: 0px 0px, calc(100% - 14px) 0, 115% 100% , calc(100% - 20px) 100%  ,14px 100%,0px calc(100% - 14px);\nclip-path: polygon(var(--path));\n-webkit-clip-path: polygon(var(--path));\n}\n\n.elementor-button:hover {\n    background: #7947f7 !important;\n    color: #ffffff !important;\n}\n\n.elementor-button::before {\nposition: absolute;\ncontent: \"\";\nbottom: 0;\nleft: 50%;\nwidth: 58px;\nheight: 3px;\nwidth: 4vw;\nheight: 0.2vw;\nbackground: #0E031F;\ntransform: translateX(-50%);\nborder-radius: 5px 5px 0 0;\n}\n\n.elementor-button::after{\nposition: absolute;\ncontent: \"\";\ntop: 0;\nleft: 50%;\nwidth: 58px;\nheight: 3px;\nwidth: 4vw;\nheight: 0.2vw;\nbackground: #0E031F;\ntransform: translateX(-50%);\nborder-radius: 0 0 5px 5px;\n}\n\n@media (max-width: 767px){\n    \n     .elementor-button::before{\n        width: 20vw !important;\n        height: 0.5vw !important;\n        transform: translateX(-50%) !important;\n        \n     }\n        \n        .elementor-button::after{\n        width: 20vw !important;\n        height: 0.5vw !important;\n        transform: translateX(-50%) !important;\n        \n    }\n    \n}\n    \n\n\/*\n\nPara adicionar esse c\u00f3digo em todos os bot\u00f5es da p\u00e1gina, remova a tag \"selector\".\n\nCaso queira adicionar em bot\u00f5es de formul\u00e1rio, adicione \"[type=\"submit\"]\" ap\u00f3s \".elementor-button\", ficando assim: \".elementor-button[type=\"submit\"]\".\n\nAcesse codigos.paginaselite.com.br\n\n*\/\n\n<\/style>\t\t<\/div>\n\t\t\t\t<\/div>\n\t\t\t\t<div class=\"elementor-element elementor-element-8e24063 elementor-widget elementor-widget-html\" data-id=\"8e24063\" data-element_type=\"widget\" data-widget_type=\"html.default\">\n\t\t\t\t<div class=\"elementor-widget-container\">\n\t\t\t<style>\r\n\r\n\/* From https:\/\/css.glass *\/\r\n.bgvidro{\r\nbackground: rgba(0, 0, 0, 0.2);\r\nborder-radius: 16px;\r\nbox-shadow: 0 4px 30px rgba(0, 0, 0, 0.1);\r\nbackdrop-filter: blur(8.6px);\r\n-webkit-backdrop-filter: blur(8.6px);\r\nborder: 1px solid rgba(0, 0, 0, 0.3);\r\n}\r\n<\/style>\t\t<\/div>\n\t\t\t\t<\/div>\n\t\t\t\t<\/div>\n\t\t<div class=\"elementor-element elementor-element-7554d86 e-con-full bgvidro e-flex e-con e-child\" data-id=\"7554d86\" data-element_type=\"container\">\n\t\t\t\t<div class=\"elementor-element elementor-element-49b48de elementor-invisible elementor-widget elementor-widget-heading\" data-id=\"49b48de\" data-element_type=\"widget\" data-settings=\"{&quot;_animation&quot;:&quot;fadeInUp&quot;}\" data-widget_type=\"heading.default\">\n\t\t\t\t<div class=\"elementor-widget-container\">\n\t\t\t<style>\/*! elementor - v3.20.0 - 26-03-2024 *\/\n.elementor-heading-title{padding:0;margin:0;line-height:1}.elementor-widget-heading .elementor-heading-title[class*=elementor-size-]>a{color:inherit;font-size:inherit;line-height:inherit}.elementor-widget-heading .elementor-heading-title.elementor-size-small{font-size:15px}.elementor-widget-heading .elementor-heading-title.elementor-size-medium{font-size:19px}.elementor-widget-heading .elementor-heading-title.elementor-size-large{font-size:29px}.elementor-widget-heading .elementor-heading-title.elementor-size-xl{font-size:39px}.elementor-widget-heading .elementor-heading-title.elementor-size-xxl{font-size:59px}<\/style><h2 class=\"elementor-heading-title elementor-size-default\"><verde>Fique por dentro<\/verde> de tudo que acontece na <verde>Channels<\/verde>! <\/h2>\t\t<\/div>\n\t\t\t\t<\/div>\n\t\t\t\t<div class=\"elementor-element elementor-element-367b43f elementor-invisible elementor-widget elementor-widget-heading\" data-id=\"367b43f\" data-element_type=\"widget\" data-settings=\"{&quot;_animation&quot;:&quot;fadeInUp&quot;}\" data-widget_type=\"heading.default\">\n\t\t\t\t<div class=\"elementor-widget-container\">\n\t\t\t<h2 class=\"elementor-heading-title elementor-size-default\">Tenha acesso a materiais exclusivos e de primeira m\u00e3o, toda semana!<\/h2>\t\t<\/div>\n\t\t\t\t<\/div>\n\t\t\t\t<div class=\"elementor-element elementor-element-94248a1 elementor-invisible elementor-widget elementor-widget-text-editor\" data-id=\"94248a1\" data-element_type=\"widget\" data-settings=\"{&quot;_animation&quot;:&quot;fadeInUp&quot;}\" data-widget_type=\"text-editor.default\">\n\t\t\t\t<div class=\"elementor-widget-container\">\n\t\t\t<style>\/*! elementor - v3.20.0 - 26-03-2024 *\/\n.elementor-widget-text-editor.elementor-drop-cap-view-stacked .elementor-drop-cap{background-color:#69727d;color:#fff}.elementor-widget-text-editor.elementor-drop-cap-view-framed .elementor-drop-cap{color:#69727d;border:3px solid;background-color:transparent}.elementor-widget-text-editor:not(.elementor-drop-cap-view-default) .elementor-drop-cap{margin-top:8px}.elementor-widget-text-editor:not(.elementor-drop-cap-view-default) .elementor-drop-cap-letter{width:1em;height:1em}.elementor-widget-text-editor .elementor-drop-cap{float:left;text-align:center;line-height:1;font-size:50px}.elementor-widget-text-editor .elementor-drop-cap-letter{display:inline-block}<\/style>\t\t\t\tTemos limite de pessoas, ent\u00e3o n\u00e3o deixe para depois e ingresse agora mesmo em nosso grupo seleto e fique por dentro de todos os conte\u00fados e novidades, antes mesmo de divulgarmos no Instagram e YouTube!!\t\t\t\t\t\t<\/div>\n\t\t\t\t<\/div>\n\t\t\t\t<div class=\"elementor-element elementor-element-3320395 elementor-align-justify elementor-widget__width-initial elementor-widget-mobile__width-inherit animated-slow elementor-invisible elementor-widget elementor-widget-button\" data-id=\"3320395\" data-element_type=\"widget\" data-settings=\"{&quot;_animation&quot;:&quot;fadeInUp&quot;,&quot;_animation_delay&quot;:600}\" data-widget_type=\"button.default\">\n\t\t\t\t<div class=\"elementor-widget-container\">\n\t\t\t\t\t<div class=\"elementor-button-wrapper\">\n\t\t\t<a class=\"elementor-button elementor-button-link elementor-size-sm\" href=\"https:\/\/chat.whatsapp.com\/LVmiTOIb9yE37GGdJ6aswp\">\n\t\t\t\t\t\t<span class=\"elementor-button-content-wrapper\">\n\t\t\t\t\t\t<span class=\"elementor-button-text\">ENTRE PARA O NOSSO GRUPO<\/span>\n\t\t<\/span>\n\t\t\t\t\t<\/a>\n\t\t<\/div>\n\t\t\t\t<\/div>\n\t\t\t\t<\/div>\n\t\t\t\t<\/div>\n\t\t\t\t\t<\/div>\n\t\t\t\t<\/div>\n\t\t<div class=\"elementor-element elementor-element-0c57384 elementor-hidden-desktop elementor-hidden-tablet e-flex e-con-boxed e-con e-parent\" data-id=\"0c57384\" data-element_type=\"container\" data-settings=\"{&quot;background_background&quot;:&quot;classic&quot;}\" data-core-v316-plus=\"true\">\n\t\t\t\t\t<div class=\"e-con-inner\">\n\t\t\t\t<div class=\"elementor-element elementor-element-7ae3f55 elementor-widget elementor-widget-image\" data-id=\"7ae3f55\" data-element_type=\"widget\" data-widget_type=\"image.default\">\n\t\t\t\t<div class=\"elementor-widget-container\">\n\t\t\t<style>\/*! elementor - v3.20.0 - 26-03-2024 *\/\n.elementor-widget-image{text-align:center}.elementor-widget-image a{display:inline-block}.elementor-widget-image a img[src$=\".svg\"]{width:48px}.elementor-widget-image img{vertical-align:middle;display:inline-block}<\/style>\t\t\t\t\t\t\t\t\t\t<img decoding=\"async\" width=\"526\" height=\"49\" src=\"https:\/\/gruposdachannels.com.br\/wp-content\/uploads\/2024\/04\/Logo-Channels-01.png\" class=\"attachment-large size-large wp-image-276\" alt=\"\" srcset=\"https:\/\/gruposdachannels.com.br\/wp-content\/uploads\/2024\/04\/Logo-Channels-01.png 526w, https:\/\/gruposdachannels.com.br\/wp-content\/uploads\/2024\/04\/Logo-Channels-01-300x28.png 300w\" sizes=\"(max-width: 526px) 100vw, 526px\" \/>\t\t\t\t\t\t\t\t\t\t\t\t\t<\/div>\n\t\t\t\t<\/div>\n\t\t<div class=\"elementor-element elementor-element-c4e9c98 e-con-full bgvidro e-flex e-con e-child\" data-id=\"c4e9c98\" data-element_type=\"container\">\n\t\t\t\t<div class=\"elementor-element elementor-element-6ced61d elementor-invisible elementor-widget elementor-widget-heading\" data-id=\"6ced61d\" data-element_type=\"widget\" data-settings=\"{&quot;_animation&quot;:&quot;fadeInUp&quot;}\" data-widget_type=\"heading.default\">\n\t\t\t\t<div class=\"elementor-widget-container\">\n\t\t\t<h2 class=\"elementor-heading-title elementor-size-default\"><verde>Fique por dentro<\/verde> de tudo que acontece na <verde>Channels!<\/verde> <\/h2>\t\t<\/div>\n\t\t\t\t<\/div>\n\t\t\t\t<div class=\"elementor-element elementor-element-50f7b7f elementor-invisible elementor-widget elementor-widget-heading\" data-id=\"50f7b7f\" data-element_type=\"widget\" data-settings=\"{&quot;_animation&quot;:&quot;fadeInUp&quot;}\" data-widget_type=\"heading.default\">\n\t\t\t\t<div class=\"elementor-widget-container\">\n\t\t\t<h2 class=\"elementor-heading-title elementor-size-default\">Tenha acesso a materiais exclusivos e de primeira m\u00e3o, toda semana!<\/h2>\t\t<\/div>\n\t\t\t\t<\/div>\n\t\t\t\t<div class=\"elementor-element elementor-element-24dce03 elementor-invisible elementor-widget elementor-widget-text-editor\" data-id=\"24dce03\" data-element_type=\"widget\" data-settings=\"{&quot;_animation&quot;:&quot;fadeInUp&quot;}\" data-widget_type=\"text-editor.default\">\n\t\t\t\t<div class=\"elementor-widget-container\">\n\t\t\t\t\t\t\tTemos limite de pessoas, ent\u00e3o n\u00e3o deixe para depois e ingresse agora mesmo em nosso grupo seleto e fique por dentro de todos os conte\u00fados e novidades, antes mesmo de divulgarmos no Instagram e YouTube!!\t\t\t\t\t\t<\/div>\n\t\t\t\t<\/div>\n\t\t\t\t<div class=\"elementor-element elementor-element-d835255 elementor-align-justify elementor-widget__width-initial elementor-widget-mobile__width-inherit elementor-invisible elementor-widget elementor-widget-button\" data-id=\"d835255\" data-element_type=\"widget\" data-settings=\"{&quot;_animation&quot;:&quot;fadeInUp&quot;,&quot;_animation_delay&quot;:600}\" data-widget_type=\"button.default\">\n\t\t\t\t<div class=\"elementor-widget-container\">\n\t\t\t\t\t<div class=\"elementor-button-wrapper\">\n\t\t\t<a class=\"elementor-button elementor-button-link elementor-size-sm\" href=\"https:\/\/chat.whatsapp.com\/LVmiTOIb9yE37GGdJ6aswp\">\n\t\t\t\t\t\t<span class=\"elementor-button-content-wrapper\">\n\t\t\t\t\t\t<span class=\"elementor-button-text\">ENTRE PARA O NOSSO GRUPO<\/span>\n\t\t<\/span>\n\t\t\t\t\t<\/a>\n\t\t<\/div>\n\t\t\t\t<\/div>\n\t\t\t\t<\/div>\n\t\t\t\t<\/div>\n\t\t\t\t\t<\/div>\n\t\t\t\t<\/div>\n\t\t\t\t<\/div>\n\t\t","protected":false},"excerpt":{"rendered":"<p>Fique por dentro de tudo que acontece na Channels! Tenha acesso a materiais exclusivos e de primeira m\u00e3o, toda semana! Temos limite de pessoas, ent\u00e3o n\u00e3o deixe para depois e ingresse agora mesmo em nosso grupo seleto e fique por dentro de todos os conte\u00fados e novidades, antes mesmo de divulgarmos no Instagram e YouTube!! [&hellip;]<\/p>\n","protected":false},"author":1,"featured_media":0,"parent":0,"menu_order":0,"comment_status":"closed","ping_status":"closed","template":"elementor_canvas","meta":{"footnotes":""},"_links":{"self":[{"href":"https:\/\/gruposdachannels.com.br\/index.php\/wp-json\/wp\/v2\/pages\/7"}],"collection":[{"href":"https:\/\/gruposdachannels.com.br\/index.php\/wp-json\/wp\/v2\/pages"}],"about":[{"href":"https:\/\/gruposdachannels.com.br\/index.php\/wp-json\/wp\/v2\/types\/page"}],"author":[{"embeddable":true,"href":"https:\/\/gruposdachannels.com.br\/index.php\/wp-json\/wp\/v2\/users\/1"}],"replies":[{"embeddable":true,"href":"https:\/\/gruposdachannels.com.br\/index.php\/wp-json\/wp\/v2\/comments?post=7"}],"version-history":[{"count":304,"href":"https:\/\/gruposdachannels.com.br\/index.php\/wp-json\/wp\/v2\/pages\/7\/revisions"}],"predecessor-version":[{"id":332,"href":"https:\/\/gruposdachannels.com.br\/index.php\/wp-json\/wp\/v2\/pages\/7\/revisions\/332"}],"wp:attachment":[{"href":"https:\/\/gruposdachannels.com.br\/index.php\/wp-json\/wp\/v2\/media?parent=7"}],"curies":[{"name":"wp","href":"https:\/\/api.w.org\/{rel}","templated":true}]}}